{"id":12944,"date":"2022-06-03T16:38:17","date_gmt":"2022-06-03T14:38:17","guid":{"rendered":"https:\/\/criskincosmeceutical.it\/prodotto\/potente-booster-n-4-whitening-night\/"},"modified":"2022-06-03T16:38:17","modified_gmt":"2022-06-03T14:38:17","slug":"potente-booster-n-4-whitening-night","status":"publish","type":"product","link":"https:\/\/criskincosmeceutical.it\/es\/prodotto\/potente-booster-n-4-whitening-night\/","title":{"rendered":"Potente Booster N. 4 Whitening Night"},"content":{"rendered":"\t\t<div data-elementor-type=\"wp-post\" data-elementor-id=\"12944\" class=\"elementor elementor-12944 elementor-3317\">\n\t\t\t\t\t\t<section class=\"elementor-section elementor-top-section elementor-element elementor-element-f9dbb49 elementor-section-boxed elementor-section-height-default elementor-section-height-default qodef-elementor-content-no\" data-id=\"f9dbb49\" data-element_type=\"section\" data-e-type=\"section\">\n\t\t\t\t\t\t<div class=\"elementor-container elementor-column-gap-default\">\n\t\t\t\t\t<div class=\"elementor-column elementor-col-100 elementor-top-column elementor-element elementor-element-016f9fa\" data-id=\"016f9fa\" data-element_type=\"column\" data-e-type=\"column\">\n\t\t\t<div class=\"elementor-widget-wrap elementor-element-populated\">\n\t\t\t\t\t\t<div class=\"elementor-element elementor-element-bd126e0 elementor-widget elementor-widget-video\" data-id=\"bd126e0\" data-element_type=\"widget\" data-e-type=\"widget\" data-settings=\"{&quot;video_type&quot;:&quot;vimeo&quot;}\" data-widget_type=\"video.default\">\n\t\t\t\t<div class=\"elementor-widget-container\">\n\t\t\t\t\t\t\t<div class=\"elementor-wrapper elementor-open-inline\">\n\t\t\t<iframe class=\"elementor-video-iframe\" allowfullscreen allow=\"clipboard-write\" title=\"Reproductor de v\u00eddeo vimeo\" src=\"https:\/\/player.vimeo.com\/video\/678139829?color&amp;autopause=0&amp;loop=0&amp;muted=0&amp;title=0&amp;portrait=0&amp;byline=0#t=\"><\/iframe>\t\t<\/div>\n\t\t\t\t\t\t<\/div>\n\t\t\t\t<\/div>\n\t\t\t\t<div class=\"elementor-element elementor-element-db33215 elementor-widget elementor-widget-text-editor\" data-id=\"db33215\" data-element_type=\"widget\" data-e-type=\"widget\" data-widget_type=\"text-editor.default\">\n\t\t\t\t<div class=\"elementor-widget-container\">\n\t\t\t\t\t\t\t\t\t<p><strong>Caracter\u00edsticas:<\/strong> <br \/>concentrado de activos puros espec\u00edfico para la noche, aclarante y despigmentante a base de \u00e1cido Mand\u00e9lico, \u00e1cido asc\u00f3rbico y retinol.<\/p>\n<p><strong>Modalidades de uso: <br \/><\/strong>aplicar el concentrado solo o en combinaci\u00f3n con productos CSSC.<br \/>Formulaci\u00f3n libre de parabenos, petroleitos y al\u00e9rgenos.<\/p>\n<p><strong>Principales activos:<\/strong><\/p>\n<ul>\n<li>\u00c1cido Mand\u00e9lico<\/li>\n<li>\u00e1cido asc\u00f3rbico<\/li>\n<li>Retinol<\/li>\n<li>Licopeno<\/li>\n<li>Kimchi<\/li>\n<\/ul>\n\t\t\t\t\t\t\t\t<\/div>\n\t\t\t\t<\/div>\n\t\t\t\t\t<\/div>\n\t\t<\/div>\n\t\t\t\t\t<\/div>\n\t\t<\/section>\n\t\t\t\t<\/div>\n\t\t","protected":false},"excerpt":{"rendered":"<p>Booster Aclarante Noche a la acci\u00f3n Aclarante y Despigmentante.<\/p>\n","protected":false},"featured_media":12854,"template":"","meta":[],"product_brand":[],"product_cat":[83],"product_tag":[],"class_list":{"0":"post-12944","1":"product","2":"type-product","3":"status-publish","4":"has-post-thumbnail","6":"product_cat-productos","8":"first","9":"instock","10":"taxable","11":"shipping-taxable","12":"purchasable","13":"product-type-simple"},"_links":{"self":[{"href":"https:\/\/criskincosmeceutical.it\/es\/wp-json\/wp\/v2\/product\/12944","targetHints":{"allow":["GET"]}}],"collection":[{"href":"https:\/\/criskincosmeceutical.it\/es\/wp-json\/wp\/v2\/product"}],"about":[{"href":"https:\/\/criskincosmeceutical.it\/es\/wp-json\/wp\/v2\/types\/product"}],"version-history":[{"count":1,"href":"https:\/\/criskincosmeceutical.it\/es\/wp-json\/wp\/v2\/product\/12944\/revisions"}],"predecessor-version":[{"id":12945,"href":"https:\/\/criskincosmeceutical.it\/es\/wp-json\/wp\/v2\/product\/12944\/revisions\/12945"}],"wp:featuredmedia":[{"embeddable":true,"href":"https:\/\/criskincosmeceutical.it\/es\/wp-json\/wp\/v2\/media\/12854"}],"wp:attachment":[{"href":"https:\/\/criskincosmeceutical.it\/es\/wp-json\/wp\/v2\/media?parent=12944"}],"wp:term":[{"taxonomy":"product_brand","embeddable":true,"href":"https:\/\/criskincosmeceutical.it\/es\/wp-json\/wp\/v2\/product_brand?post=12944"},{"taxonomy":"product_cat","embeddable":true,"href":"https:\/\/criskincosmeceutical.it\/es\/wp-json\/wp\/v2\/product_cat?post=12944"},{"taxonomy":"product_tag","embeddable":true,"href":"https:\/\/criskincosmeceutical.it\/es\/wp-json\/wp\/v2\/product_tag?post=12944"}],"curies":[{"name":"wp","href":"https:\/\/api.w.org\/{rel}","templated":true}]}}