{"id":12935,"date":"2022-06-03T16:26:18","date_gmt":"2022-06-03T14:26:18","guid":{"rendered":"https:\/\/criskincosmeceutical.it\/prodotto\/ageless-soft-peeling-glico-locion\/"},"modified":"2022-06-03T16:26:18","modified_gmt":"2022-06-03T14:26:18","slug":"ageless-soft-peeling-glico-locion","status":"publish","type":"product","link":"https:\/\/criskincosmeceutical.it\/es\/prodotto\/ageless-soft-peeling-glico-locion\/","title":{"rendered":"Ageless Soft Peeling Glico Loci\u00f3n"},"content":{"rendered":"\t\t<div data-elementor-type=\"wp-post\" data-elementor-id=\"12935\" class=\"elementor elementor-12935 elementor-3350\">\n\t\t\t\t\t\t<section class=\"elementor-section elementor-top-section elementor-element elementor-element-abc34a3 elementor-section-boxed elementor-section-height-default elementor-section-height-default qodef-elementor-content-no\" data-id=\"abc34a3\" data-element_type=\"section\" data-e-type=\"section\">\n\t\t\t\t\t\t<div class=\"elementor-container elementor-column-gap-default\">\n\t\t\t\t\t<div class=\"elementor-column elementor-col-100 elementor-top-column elementor-element elementor-element-1fb8de9\" data-id=\"1fb8de9\" data-element_type=\"column\" data-e-type=\"column\">\n\t\t\t<div class=\"elementor-widget-wrap elementor-element-populated\">\n\t\t\t\t\t\t<div class=\"elementor-element elementor-element-0cbf89b elementor-widget elementor-widget-video\" data-id=\"0cbf89b\" data-element_type=\"widget\" data-e-type=\"widget\" data-settings=\"{&quot;video_type&quot;:&quot;vimeo&quot;}\" data-widget_type=\"video.default\">\n\t\t\t\t<div class=\"elementor-widget-container\">\n\t\t\t\t\t\t\t<div class=\"elementor-wrapper elementor-open-inline\">\n\t\t\t<iframe class=\"elementor-video-iframe\" allowfullscreen allow=\"clipboard-write\" title=\"Reproductor de v\u00eddeo vimeo\" src=\"https:\/\/player.vimeo.com\/video\/678139488?color&amp;autopause=0&amp;loop=0&amp;muted=0&amp;title=0&amp;portrait=0&amp;byline=0#t=\"><\/iframe>\t\t<\/div>\n\t\t\t\t\t\t<\/div>\n\t\t\t\t<\/div>\n\t\t\t\t<div class=\"elementor-element elementor-element-9d5c012 elementor-widget elementor-widget-text-editor\" data-id=\"9d5c012\" data-element_type=\"widget\" data-e-type=\"widget\" data-widget_type=\"text-editor.default\">\n\t\t\t\t<div class=\"elementor-widget-container\">\n\t\t\t\t\t\t\t\t\t<p><strong>Caracter\u00edsticas:<\/strong> <br \/>Exclusiva formulaci\u00f3n cosmec\u00e9utica delicada y ligera con acci\u00f3n suavizante y regenerante.<br \/>A base de alfa-hidroxi\u00e1cidos (\u00c1cido Glic\u00f3lico, L\u00e1ctico, Mand\u00e9lico y Ma\u00e1lico) e hidratantes naturales, como el jugo de aloe y las algas laminares, enriquecidos con un complejo de antioxidantes hidrosolubles y liposolubles (Retinol, Tocoferol y Pantenol) capaces de hacer que la piel aterciopelada y brillante.<\/p>\n<p><strong>Modalidades de uso: <br \/><\/strong>Aplicar sobre la cara limpia, una fina capa de producto masajear suavemente durante unos minutos, teniendo cuidado de evitar las zonas especialmente sensibles y luego enjuagar.<br \/>Formulaci\u00f3n libre de parabenos, petroleitos y al\u00e9rgenos.<\/p>\n<p><strong>Principales activos:<\/strong><\/p>\n<ul>\n<li>\u00c1cido Glic\u00f3lico<\/li>\n<li>\u00c1cido L\u00e1ctico<\/li>\n<li>\u00c1cido Mand\u00e9lico<\/li>\n<li>\u00c1cido Ma\u00e1lico<\/li>\n<li>Aloe<\/li>\n<li>Algas laminares<\/li>\n<li>Retinol<\/li>\n<li>Tocoferol<\/li>\n<li>Pantenol<\/li>\n<\/ul>\n\t\t\t\t\t\t\t\t<\/div>\n\t\t\t\t<\/div>\n\t\t\t\t\t<\/div>\n\t\t<\/div>\n\t\t\t\t\t<\/div>\n\t\t<\/section>\n\t\t\t\t<\/div>\n\t\t","protected":false},"excerpt":{"rendered":"<p>Loci\u00f3n de \u00c1cidos Frutados de Acci\u00f3n Alisante y Regenerante.<\/p>\n","protected":false},"featured_media":12870,"template":"","meta":[],"product_brand":[],"product_cat":[83],"product_tag":[],"class_list":{"0":"post-12935","1":"product","2":"type-product","3":"status-publish","4":"has-post-thumbnail","6":"product_cat-productos","8":"first","9":"instock","10":"taxable","11":"shipping-taxable","12":"purchasable","13":"product-type-simple"},"_links":{"self":[{"href":"https:\/\/criskincosmeceutical.it\/es\/wp-json\/wp\/v2\/product\/12935","targetHints":{"allow":["GET"]}}],"collection":[{"href":"https:\/\/criskincosmeceutical.it\/es\/wp-json\/wp\/v2\/product"}],"about":[{"href":"https:\/\/criskincosmeceutical.it\/es\/wp-json\/wp\/v2\/types\/product"}],"version-history":[{"count":2,"href":"https:\/\/criskincosmeceutical.it\/es\/wp-json\/wp\/v2\/product\/12935\/revisions"}],"predecessor-version":[{"id":12937,"href":"https:\/\/criskincosmeceutical.it\/es\/wp-json\/wp\/v2\/product\/12935\/revisions\/12937"}],"wp:featuredmedia":[{"embeddable":true,"href":"https:\/\/criskincosmeceutical.it\/es\/wp-json\/wp\/v2\/media\/12870"}],"wp:attachment":[{"href":"https:\/\/criskincosmeceutical.it\/es\/wp-json\/wp\/v2\/media?parent=12935"}],"wp:term":[{"taxonomy":"product_brand","embeddable":true,"href":"https:\/\/criskincosmeceutical.it\/es\/wp-json\/wp\/v2\/product_brand?post=12935"},{"taxonomy":"product_cat","embeddable":true,"href":"https:\/\/criskincosmeceutical.it\/es\/wp-json\/wp\/v2\/product_cat?post=12935"},{"taxonomy":"product_tag","embeddable":true,"href":"https:\/\/criskincosmeceutical.it\/es\/wp-json\/wp\/v2\/product_tag?post=12935"}],"curies":[{"name":"wp","href":"https:\/\/api.w.org\/{rel}","templated":true}]}}