{"id":12931,"date":"2022-06-03T16:17:59","date_gmt":"2022-06-03T14:17:59","guid":{"rendered":"https:\/\/criskincosmeceutical.it\/prodotto\/ageless-double-retinol-night-cream\/"},"modified":"2022-06-03T16:17:59","modified_gmt":"2022-06-03T14:17:59","slug":"ageless-double-retinol-night-cream","status":"publish","type":"product","link":"https:\/\/criskincosmeceutical.it\/es\/prodotto\/ageless-double-retinol-night-cream\/","title":{"rendered":"Ageless Double Retinol Night Cream"},"content":{"rendered":"\t\t<div data-elementor-type=\"wp-post\" data-elementor-id=\"12931\" class=\"elementor elementor-12931 elementor-4626\">\n\t\t\t\t\t\t<section class=\"elementor-section elementor-top-section elementor-element elementor-element-0749540 elementor-section-boxed elementor-section-height-default elementor-section-height-default qodef-elementor-content-no\" data-id=\"0749540\" data-element_type=\"section\" data-e-type=\"section\">\n\t\t\t\t\t\t<div class=\"elementor-container elementor-column-gap-default\">\n\t\t\t\t\t<div class=\"elementor-column elementor-col-100 elementor-top-column elementor-element elementor-element-a06cb1e\" data-id=\"a06cb1e\" data-element_type=\"column\" data-e-type=\"column\">\n\t\t\t<div class=\"elementor-widget-wrap elementor-element-populated\">\n\t\t\t\t\t\t<div class=\"elementor-element elementor-element-186e72e elementor-widget elementor-widget-video\" data-id=\"186e72e\" data-element_type=\"widget\" data-e-type=\"widget\" data-settings=\"{&quot;video_type&quot;:&quot;vimeo&quot;}\" data-widget_type=\"video.default\">\n\t\t\t\t<div class=\"elementor-widget-container\">\n\t\t\t\t\t\t\t<div class=\"elementor-wrapper elementor-open-inline\">\n\t\t\t<iframe class=\"elementor-video-iframe\" allowfullscreen allow=\"clipboard-write\" title=\"Reproductor de v\u00eddeo vimeo\" src=\"https:\/\/player.vimeo.com\/video\/678139051?color&amp;autopause=0&amp;loop=0&amp;muted=0&amp;title=0&amp;portrait=0&amp;byline=0#t=\"><\/iframe>\t\t<\/div>\n\t\t\t\t\t\t<\/div>\n\t\t\t\t<\/div>\n\t\t\t\t<div class=\"elementor-element elementor-element-9325d05 elementor-widget elementor-widget-text-editor\" data-id=\"9325d05\" data-element_type=\"widget\" data-e-type=\"widget\" data-widget_type=\"text-editor.default\">\n\t\t\t\t<div class=\"elementor-widget-container\">\n\t\t\t\t\t\t\t\t\t<p><strong>Caracter\u00edsticas:<\/strong> <br \/>Formulaci\u00f3n cosmec\u00e9utica, espec\u00edfica para las horas nocturnas.<br \/>Rico en activos antiedad de \u00faltima generaci\u00f3n como el DMAE y el \u00e1cido alfa lipoico por sus virtudes regeneradoras, proporciona a la piel un potente conjunto de vitaminas (palmitatos de retinol-retinil, tocoferol y vitamina C) potenciadas con activos antiarrugas tales como isoflavonas de soja y p\u00e9ptidos de origen vegetal. La presencia de aceite de Rosa mosqueta, y de manteca de Karit\u00e9, garantizan un efecto reparador y super hidratante.<\/p>\n<p><strong>Presentaci\u00f3n: <br \/><\/strong>frasco airless de 50 ml<\/p>\n<p><strong>Modalidades de uso: <br \/><\/strong>Aplicar el producto por la ma\u00f1ana sobre la cara perfectamente limpia.<br \/>Formulaci\u00f3n libre de parabenos, petroleitos y al\u00e9rgenos.<\/p>\n<p><strong>Principales activos: <\/strong><\/p>\n<ul>\n<li>Dmae<\/li>\n<li>\u00e1cido Alfa lipoico<\/li>\n<li>Retinol<\/li>\n<li>Retinil-palmitate<\/li>\n<li>Tocoferol<\/li>\n<li>Vitamina C<\/li>\n<li>Isoflavonas de soja<\/li>\n<li>P\u00e9ptidos de origen vegetal<\/li>\n<li>Rosa Mosqueta<\/li>\n<li>manteca de Karit\u00e8<\/li>\n<\/ul>\n\t\t\t\t\t\t\t\t<\/div>\n\t\t\t\t<\/div>\n\t\t\t\t\t<\/div>\n\t\t<\/div>\n\t\t\t\t\t<\/div>\n\t\t<\/section>\n\t\t\t\t<\/div>\n\t\t","protected":false},"excerpt":{"rendered":"<p>Crema Nocturna Antiage de acci\u00f3n Regenerativa, Restitu\u00eda.<\/p>\n","protected":false},"featured_media":12866,"template":"","meta":[],"product_brand":[],"product_cat":[83],"product_tag":[],"class_list":{"0":"post-12931","1":"product","2":"type-product","3":"status-publish","4":"has-post-thumbnail","6":"product_cat-productos","8":"first","9":"instock","10":"taxable","11":"shipping-taxable","12":"purchasable","13":"product-type-simple"},"_links":{"self":[{"href":"https:\/\/criskincosmeceutical.it\/es\/wp-json\/wp\/v2\/product\/12931","targetHints":{"allow":["GET"]}}],"collection":[{"href":"https:\/\/criskincosmeceutical.it\/es\/wp-json\/wp\/v2\/product"}],"about":[{"href":"https:\/\/criskincosmeceutical.it\/es\/wp-json\/wp\/v2\/types\/product"}],"version-history":[{"count":1,"href":"https:\/\/criskincosmeceutical.it\/es\/wp-json\/wp\/v2\/product\/12931\/revisions"}],"predecessor-version":[{"id":12932,"href":"https:\/\/criskincosmeceutical.it\/es\/wp-json\/wp\/v2\/product\/12931\/revisions\/12932"}],"wp:featuredmedia":[{"embeddable":true,"href":"https:\/\/criskincosmeceutical.it\/es\/wp-json\/wp\/v2\/media\/12866"}],"wp:attachment":[{"href":"https:\/\/criskincosmeceutical.it\/es\/wp-json\/wp\/v2\/media?parent=12931"}],"wp:term":[{"taxonomy":"product_brand","embeddable":true,"href":"https:\/\/criskincosmeceutical.it\/es\/wp-json\/wp\/v2\/product_brand?post=12931"},{"taxonomy":"product_cat","embeddable":true,"href":"https:\/\/criskincosmeceutical.it\/es\/wp-json\/wp\/v2\/product_cat?post=12931"},{"taxonomy":"product_tag","embeddable":true,"href":"https:\/\/criskincosmeceutical.it\/es\/wp-json\/wp\/v2\/product_tag?post=12931"}],"curies":[{"name":"wp","href":"https:\/\/api.w.org\/{rel}","templated":true}]}}