{"id":12928,"date":"2022-06-03T16:09:40","date_gmt":"2022-06-03T14:09:40","guid":{"rendered":"https:\/\/criskincosmeceutical.it\/prodotto\/ageless-doble-retinol-h24-crema\/"},"modified":"2022-06-09T18:21:23","modified_gmt":"2022-06-09T16:21:23","slug":"ageless-doble-retinol-h24-crema","status":"publish","type":"product","link":"https:\/\/criskincosmeceutical.it\/es\/prodotto\/ageless-doble-retinol-h24-crema\/","title":{"rendered":"Ageless Doble Retinol H24 Crema"},"content":{"rendered":"\t\t<div data-elementor-type=\"wp-post\" data-elementor-id=\"12928\" class=\"elementor elementor-12928 elementor-8793\">\n\t\t\t\t\t\t<section class=\"elementor-section elementor-top-section elementor-element elementor-element-161ad77 elementor-section-boxed elementor-section-height-default elementor-section-height-default qodef-elementor-content-no\" data-id=\"161ad77\" data-element_type=\"section\" data-e-type=\"section\">\n\t\t\t\t\t\t<div class=\"elementor-container elementor-column-gap-default\">\n\t\t\t\t\t<div class=\"elementor-column elementor-col-100 elementor-top-column elementor-element elementor-element-d3fc473\" data-id=\"d3fc473\" data-element_type=\"column\" data-e-type=\"column\">\n\t\t\t<div class=\"elementor-widget-wrap elementor-element-populated\">\n\t\t\t\t\t\t<div class=\"elementor-element elementor-element-cd17ad3 elementor-widget elementor-widget-video\" data-id=\"cd17ad3\" data-element_type=\"widget\" data-e-type=\"widget\" data-settings=\"{&quot;video_type&quot;:&quot;vimeo&quot;}\" data-widget_type=\"video.default\">\n\t\t\t\t<div class=\"elementor-widget-container\">\n\t\t\t\t\t\t\t<div class=\"elementor-wrapper elementor-open-inline\">\n\t\t\t<iframe class=\"elementor-video-iframe\" allowfullscreen allow=\"clipboard-write\" title=\"Reproductor de v\u00eddeo vimeo\" src=\"https:\/\/player.vimeo.com\/video\/678138953?color&amp;autopause=0&amp;loop=0&amp;muted=0&amp;title=0&amp;portrait=0&amp;byline=0#t=\"><\/iframe>\t\t<\/div>\n\t\t\t\t\t\t<\/div>\n\t\t\t\t<\/div>\n\t\t\t\t<div class=\"elementor-element elementor-element-7773a7e elementor-widget elementor-widget-text-editor\" data-id=\"7773a7e\" data-element_type=\"widget\" data-e-type=\"widget\" data-widget_type=\"text-editor.default\">\n\t\t\t\t<div class=\"elementor-widget-container\">\n\t\t\t\t\t\t\t\t\t<p><strong>Caracter\u00edsticas:<\/strong> <br \/>Formulaci\u00f3n cosmec\u00e9utica, h24, apto para pieles de todo tipo.<br \/>A base de complejo vitam\u00ednico antioxidante a los dos Retinoles, da a la piel un efecto hidratante inmediato, obtenido por un potente sistema que combina la acci\u00f3n anti evaporante del doble \u00e1cido hialur\u00f3nico, con la elasticidad y protecci\u00f3n del aceite de oliva, rico en \u00e1cidos grasos poliinsaturados, que con los F Lososfol\u00edpidos y las Ceramidas presentes, aseguran una acci\u00f3n reestructurante y elastizante.<\/p>\n<p><strong>Presentaci\u00f3n: <br \/><\/strong>frasco airless de 50 ml<\/p>\n<p><strong>Modalidades de uso: <br \/><\/strong>Aplicar el producto sobre la cara perfectamente limpia, por la ma\u00f1ana como base para el maquillaje y por la noche.<br \/>Formulaci\u00f3n libre de parabenos, petroleitos y al\u00e9rgenos.<\/p>\n<p><strong>Principales activos:<\/strong><\/p>\n<ul>\n<li>Retinol<\/li>\n<li>Tocoferol<\/li>\n<li>Pantenol<\/li>\n<li>\u00e1cido asc\u00f3rbico<\/li>\n<li>\u00e1cido hialur\u00f3nico<\/li>\n<li>Ceramidas<\/li>\n<li>Resveratrol<\/li>\n<li>Co Q10<\/li>\n<li>\u00c1cido lipoico<\/li>\n<li>Licopeno<\/li>\n<\/ul>\n\t\t\t\t\t\t\t\t<\/div>\n\t\t\t\t<\/div>\n\t\t\t\t\t<\/div>\n\t\t<\/div>\n\t\t\t\t\t<\/div>\n\t\t<\/section>\n\t\t\t\t<\/div>\n\t\t","protected":false},"excerpt":{"rendered":"<p>Crema Antiage h 24 para todo tipo de pieles, Antioxidante e Hidratante.<\/p>\n","protected":false},"featured_media":12858,"template":"","meta":[],"product_brand":[],"product_cat":[83],"product_tag":[],"class_list":{"0":"post-12928","1":"product","2":"type-product","3":"status-publish","4":"has-post-thumbnail","6":"product_cat-productos","8":"first","9":"instock","10":"taxable","11":"shipping-taxable","12":"purchasable","13":"product-type-simple"},"_links":{"self":[{"href":"https:\/\/criskincosmeceutical.it\/es\/wp-json\/wp\/v2\/product\/12928","targetHints":{"allow":["GET"]}}],"collection":[{"href":"https:\/\/criskincosmeceutical.it\/es\/wp-json\/wp\/v2\/product"}],"about":[{"href":"https:\/\/criskincosmeceutical.it\/es\/wp-json\/wp\/v2\/types\/product"}],"version-history":[{"count":1,"href":"https:\/\/criskincosmeceutical.it\/es\/wp-json\/wp\/v2\/product\/12928\/revisions"}],"predecessor-version":[{"id":12929,"href":"https:\/\/criskincosmeceutical.it\/es\/wp-json\/wp\/v2\/product\/12928\/revisions\/12929"}],"wp:featuredmedia":[{"embeddable":true,"href":"https:\/\/criskincosmeceutical.it\/es\/wp-json\/wp\/v2\/media\/12858"}],"wp:attachment":[{"href":"https:\/\/criskincosmeceutical.it\/es\/wp-json\/wp\/v2\/media?parent=12928"}],"wp:term":[{"taxonomy":"product_brand","embeddable":true,"href":"https:\/\/criskincosmeceutical.it\/es\/wp-json\/wp\/v2\/product_brand?post=12928"},{"taxonomy":"product_cat","embeddable":true,"href":"https:\/\/criskincosmeceutical.it\/es\/wp-json\/wp\/v2\/product_cat?post=12928"},{"taxonomy":"product_tag","embeddable":true,"href":"https:\/\/criskincosmeceutical.it\/es\/wp-json\/wp\/v2\/product_tag?post=12928"}],"curies":[{"name":"wp","href":"https:\/\/api.w.org\/{rel}","templated":true}]}}