{"id":12925,"date":"2021-01-08T09:24:21","date_gmt":"2022-06-03T14:01:36","guid":{"rendered":"https:\/\/criskincosmeceutical.it\/prodotto\/balsamo-labial-ageless-repulping\/"},"modified":"2022-06-09T18:21:57","modified_gmt":"2022-06-09T16:21:57","slug":"balsamo-labial-ageless-repulping","status":"publish","type":"product","link":"https:\/\/criskincosmeceutical.it\/es\/prodotto\/balsamo-labial-ageless-repulping\/","title":{"rendered":"B\u00e1lsamo labial Ageless &amp; Repulping"},"content":{"rendered":"\t\t<div data-elementor-type=\"wp-post\" data-elementor-id=\"12925\" class=\"elementor elementor-12925 elementor-3773\">\n\t\t\t\t\t\t<section class=\"elementor-section elementor-top-section elementor-element elementor-element-5deb5ad elementor-section-boxed elementor-section-height-default elementor-section-height-default qodef-elementor-content-no\" data-id=\"5deb5ad\" data-element_type=\"section\" data-e-type=\"section\">\n\t\t\t\t\t\t<div class=\"elementor-container elementor-column-gap-default\">\n\t\t\t\t\t<div class=\"elementor-column elementor-col-100 elementor-top-column elementor-element elementor-element-2acbe67\" data-id=\"2acbe67\" data-element_type=\"column\" data-e-type=\"column\">\n\t\t\t<div class=\"elementor-widget-wrap elementor-element-populated\">\n\t\t\t\t\t\t<div class=\"elementor-element elementor-element-d1d3518 elementor-widget elementor-widget-video\" data-id=\"d1d3518\" data-element_type=\"widget\" data-e-type=\"widget\" data-settings=\"{&quot;video_type&quot;:&quot;vimeo&quot;}\" data-widget_type=\"video.default\">\n\t\t\t\t<div class=\"elementor-widget-container\">\n\t\t\t\t\t\t\t<div class=\"elementor-wrapper elementor-open-inline\">\n\t\t\t<iframe class=\"elementor-video-iframe\" allowfullscreen allow=\"clipboard-write\" title=\"Reproductor de v\u00eddeo vimeo\" src=\"https:\/\/player.vimeo.com\/video\/678139291?color&amp;autopause=0&amp;loop=0&amp;muted=0&amp;title=0&amp;portrait=0&amp;byline=0#t=\"><\/iframe>\t\t<\/div>\n\t\t\t\t\t\t<\/div>\n\t\t\t\t<\/div>\n\t\t\t\t<div class=\"elementor-element elementor-element-3ac3ce8 elementor-widget elementor-widget-text-editor\" data-id=\"3ac3ce8\" data-element_type=\"widget\" data-e-type=\"widget\" data-widget_type=\"text-editor.default\">\n\t\t\t\t<div class=\"elementor-widget-container\">\n\t\t\t\t\t\t\t\t\t<p><strong>Caracter\u00edsticas:<\/strong> <br \/>B\u00e1lsamo cosmec\u00e9utico formulado especialmente para proteger, nutrir y rellenar los labios.<br \/>Contiene una mezcla de aceites (Oliva y Ricino), emolientes y brillantes, potenciado por un complejo vitam\u00ednico antioxidante (Retinol, Tocoferol y Ascorbilpalmitato), asociado a una sinergia de extractos bot\u00e1nicos de acci\u00f3n estimulante y volumizante.<\/p>\n<p><strong>Modalidades de uso: <br \/><\/strong>Aplicar el b\u00e1lsamo deslizando la bola sobre los labios. Para aumentar el volumen, se recomienda repetir la operaci\u00f3n varias veces a lo largo del d\u00eda.<br \/>Formulaci\u00f3n libre de parabenos, petroleitos y al\u00e9rgenos.<\/p>\n<p><strong>Principales activos:<\/strong><\/p>\n<ul>\n<li>Aceite de Oliva<\/li>\n<li>Aceite de Ricino<\/li>\n<li>Retinol<\/li>\n<li>Tocoferol<\/li>\n<li>Ascorbilpalmitato<\/li>\n<li>Sinergia de extractos bot\u00e1nicos de acci\u00f3n estimulante y volumizante<\/li>\n<\/ul>\n\t\t\t\t\t\t\t\t<\/div>\n\t\t\t\t<\/div>\n\t\t\t\t\t<\/div>\n\t\t<\/div>\n\t\t\t\t\t<\/div>\n\t\t<\/section>\n\t\t\t\t<\/div>\n\t\t","protected":false},"excerpt":{"rendered":"<p>B\u00e1lsamo labial Refrescante y Protector.<\/p>\n","protected":false},"featured_media":12874,"template":"","meta":[],"product_brand":[],"product_cat":[83],"product_tag":[],"class_list":{"0":"post-12925","1":"product","2":"type-product","3":"status-publish","4":"has-post-thumbnail","6":"product_cat-productos","8":"first","9":"instock","10":"taxable","11":"shipping-taxable","12":"purchasable","13":"product-type-simple"},"_links":{"self":[{"href":"https:\/\/criskincosmeceutical.it\/es\/wp-json\/wp\/v2\/product\/12925","targetHints":{"allow":["GET"]}}],"collection":[{"href":"https:\/\/criskincosmeceutical.it\/es\/wp-json\/wp\/v2\/product"}],"about":[{"href":"https:\/\/criskincosmeceutical.it\/es\/wp-json\/wp\/v2\/types\/product"}],"version-history":[{"count":1,"href":"https:\/\/criskincosmeceutical.it\/es\/wp-json\/wp\/v2\/product\/12925\/revisions"}],"predecessor-version":[{"id":12926,"href":"https:\/\/criskincosmeceutical.it\/es\/wp-json\/wp\/v2\/product\/12925\/revisions\/12926"}],"wp:featuredmedia":[{"embeddable":true,"href":"https:\/\/criskincosmeceutical.it\/es\/wp-json\/wp\/v2\/media\/12874"}],"wp:attachment":[{"href":"https:\/\/criskincosmeceutical.it\/es\/wp-json\/wp\/v2\/media?parent=12925"}],"wp:term":[{"taxonomy":"product_brand","embeddable":true,"href":"https:\/\/criskincosmeceutical.it\/es\/wp-json\/wp\/v2\/product_brand?post=12925"},{"taxonomy":"product_cat","embeddable":true,"href":"https:\/\/criskincosmeceutical.it\/es\/wp-json\/wp\/v2\/product_cat?post=12925"},{"taxonomy":"product_tag","embeddable":true,"href":"https:\/\/criskincosmeceutical.it\/es\/wp-json\/wp\/v2\/product_tag?post=12925"}],"curies":[{"name":"wp","href":"https:\/\/api.w.org\/{rel}","templated":true}]}}