{"id":12923,"date":"2022-06-03T15:50:36","date_gmt":"2022-06-03T13:50:36","guid":{"rendered":"https:\/\/criskincosmeceutical.it\/prodotto\/ageless-doble-retinol-day-crema-ultrarich\/"},"modified":"2022-06-03T15:50:36","modified_gmt":"2022-06-03T13:50:36","slug":"ageless-doble-retinol-day-crema-ultrarich","status":"publish","type":"product","link":"https:\/\/criskincosmeceutical.it\/es\/prodotto\/ageless-doble-retinol-day-crema-ultrarich\/","title":{"rendered":"Ageless Doble Retinol Day Crema Ultrarich"},"content":{"rendered":"\t\t<div data-elementor-type=\"wp-post\" data-elementor-id=\"12923\" class=\"elementor elementor-12923 elementor-4631\">\n\t\t\t\t\t\t<section class=\"elementor-section elementor-top-section elementor-element elementor-element-2f42f43 elementor-section-boxed elementor-section-height-default elementor-section-height-default qodef-elementor-content-no\" data-id=\"2f42f43\" data-element_type=\"section\" data-e-type=\"section\">\n\t\t\t\t\t\t<div class=\"elementor-container elementor-column-gap-default\">\n\t\t\t\t\t<div class=\"elementor-column elementor-col-100 elementor-top-column elementor-element elementor-element-dddc26c\" data-id=\"dddc26c\" data-element_type=\"column\" data-e-type=\"column\">\n\t\t\t<div class=\"elementor-widget-wrap elementor-element-populated\">\n\t\t\t\t\t\t<div class=\"elementor-element elementor-element-d435a28 elementor-widget elementor-widget-video\" data-id=\"d435a28\" data-element_type=\"widget\" data-e-type=\"widget\" data-settings=\"{&quot;video_type&quot;:&quot;vimeo&quot;}\" data-widget_type=\"video.default\">\n\t\t\t\t<div class=\"elementor-widget-container\">\n\t\t\t\t\t\t\t<div class=\"elementor-wrapper elementor-open-inline\">\n\t\t\t<iframe class=\"elementor-video-iframe\" allowfullscreen allow=\"clipboard-write\" title=\"Reproductor de v\u00eddeo vimeo\" src=\"https:\/\/player.vimeo.com\/video\/678139216?color&amp;autopause=0&amp;loop=0&amp;muted=0&amp;title=0&amp;portrait=0&amp;byline=0#t=\"><\/iframe>\t\t<\/div>\n\t\t\t\t\t\t<\/div>\n\t\t\t\t<\/div>\n\t\t\t\t<div class=\"elementor-element elementor-element-491a353 elementor-widget elementor-widget-text-editor\" data-id=\"491a353\" data-element_type=\"widget\" data-e-type=\"widget\" data-widget_type=\"text-editor.default\">\n\t\t\t\t<div class=\"elementor-widget-container\">\n\t\t\t\t\t\t\t\t\t<p><strong>Caracter\u00edsticas:<\/strong> <br \/>formulaci\u00f3n cosmec\u00e9utica, espec\u00edfica para el d\u00eda, indicada para pieles maduras.<br \/>Est\u00e1 constituida por ingredientes de alto rendimiento como el doble retinol que ayuda a acelerar el turn-over cepidermico, los filtros solares selectivos, capaces de prevenir tanto el crono como el envejecimiento fotogr\u00e1fico y una mezcla de antioxidantes y oligop\u00e9ptidos biomim\u00e9ticos que, combinados con el \u00e1cido hialur\u00f3nico de doble peso molecular y los l\u00edpidos naturales, garantizan su alta eficacia.<\/p>\n<p><strong>Presentaci\u00f3n: <br \/><\/strong>frasco airless de 50 ml<\/p>\n<p><strong>Modalidades de uso: <br \/><\/strong>Aplicar el producto por la ma\u00f1ana sobre la cara perfectamente limpia.<br \/>Formulaci\u00f3n libre de parabenos, petroleitos y al\u00e9rgenos<\/p>\n<p><strong>Principales activos:<\/strong><\/p>\n<ul>\n<li>Retinol<\/li>\n<li>filtros solares selectivos<\/li>\n<li>mezcla de antioxidantes<\/li>\n<li>oligop\u00e9ptidos biomim\u00e9ticos<\/li>\n<li>\u00e1cido hialur\u00f3nico<\/li>\n<\/ul>\n\t\t\t\t\t\t\t\t<\/div>\n\t\t\t\t<\/div>\n\t\t\t\t\t<\/div>\n\t\t<\/div>\n\t\t\t\t\t<\/div>\n\t\t<\/section>\n\t\t\t\t<\/div>\n\t\t","protected":false},"excerpt":{"rendered":"<p>Crema de d\u00eda Antiage para pieles efecto maduro \u00abFirming\u00bb .<\/p>\n","protected":false},"featured_media":12862,"template":"","meta":[],"product_brand":[],"product_cat":[83],"product_tag":[],"class_list":{"0":"post-12923","1":"product","2":"type-product","3":"status-publish","4":"has-post-thumbnail","6":"product_cat-productos","8":"first","9":"instock","10":"taxable","11":"shipping-taxable","12":"purchasable","13":"product-type-simple"},"_links":{"self":[{"href":"https:\/\/criskincosmeceutical.it\/es\/wp-json\/wp\/v2\/product\/12923","targetHints":{"allow":["GET"]}}],"collection":[{"href":"https:\/\/criskincosmeceutical.it\/es\/wp-json\/wp\/v2\/product"}],"about":[{"href":"https:\/\/criskincosmeceutical.it\/es\/wp-json\/wp\/v2\/types\/product"}],"version-history":[{"count":1,"href":"https:\/\/criskincosmeceutical.it\/es\/wp-json\/wp\/v2\/product\/12923\/revisions"}],"predecessor-version":[{"id":12924,"href":"https:\/\/criskincosmeceutical.it\/es\/wp-json\/wp\/v2\/product\/12923\/revisions\/12924"}],"wp:featuredmedia":[{"embeddable":true,"href":"https:\/\/criskincosmeceutical.it\/es\/wp-json\/wp\/v2\/media\/12862"}],"wp:attachment":[{"href":"https:\/\/criskincosmeceutical.it\/es\/wp-json\/wp\/v2\/media?parent=12923"}],"wp:term":[{"taxonomy":"product_brand","embeddable":true,"href":"https:\/\/criskincosmeceutical.it\/es\/wp-json\/wp\/v2\/product_brand?post=12923"},{"taxonomy":"product_cat","embeddable":true,"href":"https:\/\/criskincosmeceutical.it\/es\/wp-json\/wp\/v2\/product_cat?post=12923"},{"taxonomy":"product_tag","embeddable":true,"href":"https:\/\/criskincosmeceutical.it\/es\/wp-json\/wp\/v2\/product_tag?post=12923"}],"curies":[{"name":"wp","href":"https:\/\/api.w.org\/{rel}","templated":true}]}}