{"id":12919,"date":"2022-06-03T12:22:11","date_gmt":"2022-06-03T10:22:11","guid":{"rendered":"https:\/\/criskincosmeceutical.it\/prodotto\/ageless-eye-contour-nectar\/"},"modified":"2022-06-03T12:22:11","modified_gmt":"2022-06-03T10:22:11","slug":"ageless-eye-contour-nectar","status":"publish","type":"product","link":"https:\/\/criskincosmeceutical.it\/es\/prodotto\/ageless-eye-contour-nectar\/","title":{"rendered":"Ageless Eye Contour Nectar"},"content":{"rendered":"\t\t<div data-elementor-type=\"wp-post\" data-elementor-id=\"12919\" class=\"elementor elementor-12919 elementor-3783\">\n\t\t\t\t\t\t<section class=\"elementor-section elementor-top-section elementor-element elementor-element-a6478fa elementor-section-boxed elementor-section-height-default elementor-section-height-default qodef-elementor-content-no\" data-id=\"a6478fa\" data-element_type=\"section\" data-e-type=\"section\">\n\t\t\t\t\t\t<div class=\"elementor-container elementor-column-gap-default\">\n\t\t\t\t\t<div class=\"elementor-column elementor-col-100 elementor-top-column elementor-element elementor-element-78cbbdb\" data-id=\"78cbbdb\" data-element_type=\"column\" data-e-type=\"column\">\n\t\t\t<div class=\"elementor-widget-wrap elementor-element-populated\">\n\t\t\t\t\t\t<div class=\"elementor-element elementor-element-d95e8d3 elementor-widget elementor-widget-video\" data-id=\"d95e8d3\" data-element_type=\"widget\" data-e-type=\"widget\" data-settings=\"{&quot;video_type&quot;:&quot;vimeo&quot;}\" data-widget_type=\"video.default\">\n\t\t\t\t<div class=\"elementor-widget-container\">\n\t\t\t\t\t\t\t<div class=\"elementor-wrapper elementor-open-inline\">\n\t\t\t<iframe class=\"elementor-video-iframe\" allowfullscreen allow=\"clipboard-write\" title=\"Reproductor de v\u00eddeo vimeo\" src=\"https:\/\/player.vimeo.com\/video\/678139121?color&amp;autopause=0&amp;loop=0&amp;muted=0&amp;title=0&amp;portrait=0&amp;byline=0#t=\"><\/iframe>\t\t<\/div>\n\t\t\t\t\t\t<\/div>\n\t\t\t\t<\/div>\n\t\t\t\t<div class=\"elementor-element elementor-element-03cbb19 elementor-widget elementor-widget-text-editor\" data-id=\"03cbb19\" data-element_type=\"widget\" data-e-type=\"widget\" data-widget_type=\"text-editor.default\">\n\t\t\t\t<div class=\"elementor-widget-container\">\n\t\t\t\t\t\t\t\t\t<p><strong>Caracter\u00edsticas:<\/strong> <br \/>formulaci\u00f3n cosmec\u00e9utica, espec\u00edfica para el contorno de los ojos.<br \/>Es un n\u00e9ctar en emulsi\u00f3n, capaz de reducir las arrugas de expresi\u00f3n y de atenuar bolsas y ojeras, en virtud de la presencia de sustancias tonificantes y drenantes, como Darutoside, Escina y Cafe\u00edna potenciadas por un sistema antioxidante (Retinol, Tocoferol, Ascorbilpalmitato y Licop que hacen que el producto sea extremadamente eficiente.<\/p>\n<p><strong>PRESENTAZIONE: N.B. PER LABORATORIO: DA SPECIFICARE<\/strong><\/p>\n<p><strong>Modalidades de uso:<br \/><\/strong>Aplicar un fino velo de n\u00e9ctar, en la zona periocular, favoreciendo la absorci\u00f3n con un suave masaje. Formulaci\u00f3n libre de parabenos, petroleitos y al\u00e9rgenos<br \/>Formulaci\u00f3n libre de parabenos, petroleitos y al\u00e9rgenos<\/p>\n<p><strong>Attivi principali:<\/strong><\/p>\n<ul>\n<li>Darutoside<\/li>\n<li>Escina<\/li>\n<li>Caffeina<\/li>\n<li>Retinolo<\/li>\n<li>Tocoferolo<\/li>\n<li>Ascorbil-palmitato<\/li>\n<li>Licopene<\/li>\n<\/ul>\n\t\t\t\t\t\t\t\t<\/div>\n\t\t\t\t<\/div>\n\t\t\t\t\t<\/div>\n\t\t<\/div>\n\t\t\t\t\t<\/div>\n\t\t<\/section>\n\t\t\t\t<\/div>\n\t\t","protected":false},"excerpt":{"rendered":"<p>N\u00e9ctar emulsi\u00f3n para el contorno de los ojos.<\/p>\n","protected":false},"featured_media":12856,"template":"","meta":[],"product_brand":[],"product_cat":[83],"product_tag":[],"class_list":{"0":"post-12919","1":"product","2":"type-product","3":"status-publish","4":"has-post-thumbnail","6":"product_cat-productos","8":"first","9":"instock","10":"taxable","11":"shipping-taxable","12":"purchasable","13":"product-type-simple"},"_links":{"self":[{"href":"https:\/\/criskincosmeceutical.it\/es\/wp-json\/wp\/v2\/product\/12919","targetHints":{"allow":["GET"]}}],"collection":[{"href":"https:\/\/criskincosmeceutical.it\/es\/wp-json\/wp\/v2\/product"}],"about":[{"href":"https:\/\/criskincosmeceutical.it\/es\/wp-json\/wp\/v2\/types\/product"}],"version-history":[{"count":1,"href":"https:\/\/criskincosmeceutical.it\/es\/wp-json\/wp\/v2\/product\/12919\/revisions"}],"predecessor-version":[{"id":12920,"href":"https:\/\/criskincosmeceutical.it\/es\/wp-json\/wp\/v2\/product\/12919\/revisions\/12920"}],"wp:featuredmedia":[{"embeddable":true,"href":"https:\/\/criskincosmeceutical.it\/es\/wp-json\/wp\/v2\/media\/12856"}],"wp:attachment":[{"href":"https:\/\/criskincosmeceutical.it\/es\/wp-json\/wp\/v2\/media?parent=12919"}],"wp:term":[{"taxonomy":"product_brand","embeddable":true,"href":"https:\/\/criskincosmeceutical.it\/es\/wp-json\/wp\/v2\/product_brand?post=12919"},{"taxonomy":"product_cat","embeddable":true,"href":"https:\/\/criskincosmeceutical.it\/es\/wp-json\/wp\/v2\/product_cat?post=12919"},{"taxonomy":"product_tag","embeddable":true,"href":"https:\/\/criskincosmeceutical.it\/es\/wp-json\/wp\/v2\/product_tag?post=12919"}],"curies":[{"name":"wp","href":"https:\/\/api.w.org\/{rel}","templated":true}]}}