{"id":12917,"date":"2022-06-03T12:15:12","date_gmt":"2022-06-03T10:15:12","guid":{"rendered":"https:\/\/criskincosmeceutical.it\/prodotto\/suero-hialuronico-doble-sin-agel\/"},"modified":"2022-06-09T18:20:18","modified_gmt":"2022-06-09T16:20:18","slug":"suero-hialuronico-doble-sin-agel","status":"publish","type":"product","link":"https:\/\/criskincosmeceutical.it\/es\/prodotto\/suero-hialuronico-doble-sin-agel\/","title":{"rendered":"Suero Hialur\u00f3nico Doble Sin Agel"},"content":{"rendered":"\t\t<div data-elementor-type=\"wp-post\" data-elementor-id=\"12917\" class=\"elementor elementor-12917 elementor-4614\">\n\t\t\t\t\t\t<section class=\"elementor-section elementor-top-section elementor-element elementor-element-693263d elementor-section-boxed elementor-section-height-default elementor-section-height-default qodef-elementor-content-no\" data-id=\"693263d\" data-element_type=\"section\" data-e-type=\"section\">\n\t\t\t\t\t\t<div class=\"elementor-container elementor-column-gap-default\">\n\t\t\t\t\t<div class=\"elementor-column elementor-col-100 elementor-top-column elementor-element elementor-element-790ece5\" data-id=\"790ece5\" data-element_type=\"column\" data-e-type=\"column\">\n\t\t\t<div class=\"elementor-widget-wrap elementor-element-populated\">\n\t\t\t\t\t\t<div class=\"elementor-element elementor-element-2218147 elementor-widget elementor-widget-video\" data-id=\"2218147\" data-element_type=\"widget\" data-e-type=\"widget\" data-settings=\"{&quot;video_type&quot;:&quot;vimeo&quot;}\" data-widget_type=\"video.default\">\n\t\t\t\t<div class=\"elementor-widget-container\">\n\t\t\t\t\t\t\t<div class=\"elementor-wrapper elementor-open-inline\">\n\t\t\t<iframe class=\"elementor-video-iframe\" allowfullscreen allow=\"clipboard-write\" title=\"Reproductor de v\u00eddeo vimeo\" src=\"https:\/\/player.vimeo.com\/video\/678138886?color&amp;autopause=0&amp;loop=0&amp;muted=0&amp;title=0&amp;portrait=0&amp;byline=0#t=\"><\/iframe>\t\t<\/div>\n\t\t\t\t\t\t<\/div>\n\t\t\t\t<\/div>\n\t\t\t\t<div class=\"elementor-element elementor-element-17038e3 elementor-widget elementor-widget-text-editor\" data-id=\"17038e3\" data-element_type=\"widget\" data-e-type=\"widget\" data-widget_type=\"text-editor.default\">\n\t\t\t\t<div class=\"elementor-widget-container\">\n\t\t\t\t\t\t\t\t\t<p><strong>Caracter\u00edsticas:<br \/><\/strong>Formulaci\u00f3n cosmec\u00e9utica hidratante de suero con efecto lifting.<br \/>La formulaci\u00f3n exclusiva, permite obtener, adem\u00e1s del efecto lifting debido a la presencia del p\u00e9ptido de origen vegetal, una potente acci\u00f3n antioxidante (licopeno, retinol, tocoferol y \u00e1cido asc\u00f3rbico), e hidratante dada por la combinaci\u00f3n de jugo de hojas de aloe con \u00e1cido hialur\u00f3nico de doble peso molecular\u00bb like\u00bb,que produce un efecto de relleno incre\u00edble.<\/p>\n<p><strong>Modalidades de uso: <br \/><\/strong>Aplicar el producto por la ma\u00f1ana y\/o por la noche, sobre la cara perfectamente limpia.<br \/>Formulaci\u00f3n libre de parabenos, petroleitos y al\u00e9rgenos.<\/p>\n<p><strong>Principales activos:<\/strong><\/p>\n<ul>\n<li>\u00e1cido hialur\u00f3nico de doble peso molecular<\/li>\n<li>Licopeno<\/li>\n<li>Retinol<\/li>\n<li>Tocoferol<\/li>\n<li>\u00e1cido asc\u00f3rbico<\/li>\n<li>Aloe<\/li>\n<\/ul>\n\t\t\t\t\t\t\t\t<\/div>\n\t\t\t\t<\/div>\n\t\t\t\t\t<\/div>\n\t\t<\/div>\n\t\t\t\t\t<\/div>\n\t\t<\/section>\n\t\t\t\t<\/div>\n\t\t","protected":false},"excerpt":{"rendered":"<p>Suero efecto \u00abWater-bomba\u00bb a base de \u00e1cido hialur\u00f3nico de doble peso molecular.<\/p>\n","protected":false},"featured_media":12878,"template":"","meta":[],"product_brand":[],"product_cat":[83],"product_tag":[],"class_list":{"0":"post-12917","1":"product","2":"type-product","3":"status-publish","4":"has-post-thumbnail","6":"product_cat-productos","8":"first","9":"instock","10":"taxable","11":"shipping-taxable","12":"purchasable","13":"product-type-simple"},"_links":{"self":[{"href":"https:\/\/criskincosmeceutical.it\/es\/wp-json\/wp\/v2\/product\/12917","targetHints":{"allow":["GET"]}}],"collection":[{"href":"https:\/\/criskincosmeceutical.it\/es\/wp-json\/wp\/v2\/product"}],"about":[{"href":"https:\/\/criskincosmeceutical.it\/es\/wp-json\/wp\/v2\/types\/product"}],"version-history":[{"count":3,"href":"https:\/\/criskincosmeceutical.it\/es\/wp-json\/wp\/v2\/product\/12917\/revisions"}],"predecessor-version":[{"id":13008,"href":"https:\/\/criskincosmeceutical.it\/es\/wp-json\/wp\/v2\/product\/12917\/revisions\/13008"}],"wp:featuredmedia":[{"embeddable":true,"href":"https:\/\/criskincosmeceutical.it\/es\/wp-json\/wp\/v2\/media\/12878"}],"wp:attachment":[{"href":"https:\/\/criskincosmeceutical.it\/es\/wp-json\/wp\/v2\/media?parent=12917"}],"wp:term":[{"taxonomy":"product_brand","embeddable":true,"href":"https:\/\/criskincosmeceutical.it\/es\/wp-json\/wp\/v2\/product_brand?post=12917"},{"taxonomy":"product_cat","embeddable":true,"href":"https:\/\/criskincosmeceutical.it\/es\/wp-json\/wp\/v2\/product_cat?post=12917"},{"taxonomy":"product_tag","embeddable":true,"href":"https:\/\/criskincosmeceutical.it\/es\/wp-json\/wp\/v2\/product_tag?post=12917"}],"curies":[{"name":"wp","href":"https:\/\/api.w.org\/{rel}","templated":true}]}}